{"id":2,"date":"2022-04-29T16:18:17","date_gmt":"2022-04-29T16:18:17","guid":{"rendered":"https:\/\/nwteam.info\/blog\/?page_id=2"},"modified":"2025-03-12T15:59:14","modified_gmt":"2025-03-12T14:59:14","slug":"sample-page","status":"publish","type":"page","link":"https:\/\/nwteam.info\/blog\/sample-page\/","title":{"rendered":"Android"},"content":{"rendered":"\r\n<p>Androidos programok, j\u00e1t\u00e9kok gy\u0171jt\u0151 r\u00e9szlege&#8230;.<\/p>\r\n","protected":false},"excerpt":{"rendered":"<p>Androidos programok, j\u00e1t\u00e9kok gy\u0171jt\u0151 r\u00e9szlege&#8230;.<\/p>\n","protected":false},"author":1,"featured_media":0,"parent":0,"menu_order":0,"comment_status":"closed","ping_status":"open","template":"","meta":{"footnotes":""},"class_list":["post-2","page","type-page","status-publish","hentry"],"_links":{"self":[{"href":"https:\/\/nwteam.info\/blog\/wp-json\/wp\/v2\/pages\/2","targetHints":{"allow":["GET"]}}],"collection":[{"href":"https:\/\/nwteam.info\/blog\/wp-json\/wp\/v2\/pages"}],"about":[{"href":"https:\/\/nwteam.info\/blog\/wp-json\/wp\/v2\/types\/page"}],"author":[{"embeddable":true,"href":"https:\/\/nwteam.info\/blog\/wp-json\/wp\/v2\/users\/1"}],"replies":[{"embeddable":true,"href":"https:\/\/nwteam.info\/blog\/wp-json\/wp\/v2\/comments?post=2"}],"version-history":[{"count":3,"href":"https:\/\/nwteam.info\/blog\/wp-json\/wp\/v2\/pages\/2\/revisions"}],"predecessor-version":[{"id":34,"href":"https:\/\/nwteam.info\/blog\/wp-json\/wp\/v2\/pages\/2\/revisions\/34"}],"wp:attachment":[{"href":"https:\/\/nwteam.info\/blog\/wp-json\/wp\/v2\/media?parent=2"}],"curies":[{"name":"wp","href":"https:\/\/api.w.org\/{rel}","templated":true}]}}